{"id":10711,"date":"2022-08-26T09:24:37","date_gmt":"2022-08-26T13:24:37","guid":{"rendered":"http:\/\/www.edukdiseno.cl\/home\/?page_id=10711"},"modified":"2022-08-27T11:29:11","modified_gmt":"2022-08-27T15:29:11","slug":"fineart","status":"publish","type":"page","link":"https:\/\/www.edukdiseno.cl\/home\/fineart\/","title":{"rendered":"Fine Art"},"content":{"rendered":"<!--vcv no format--><div class=\"vce-row-container\"><div class=\"vce-row vce-row--col-gap-30 vce-row-columns--top vce-row-content--top\" id=\"el-70e2cfe7\" data-vce-do-apply=\"all el-70e2cfe7\"><div class=\"vce-row-content\" data-vce-element-content=\"true\"><div class=\"vce-col vce-col--md-auto vce-col--xs-1 vce-col--xs-last vce-col--xs-first vce-col--sm-last vce-col--sm-first vce-col--md-last vce-col--lg-last vce-col--xl-last vce-col--md-first vce-col--lg-first vce-col--xl-first\" id=\"el-98853edb\"><div class=\"vce-col-inner\" data-vce-do-apply=\"border margin background  el-98853edb\"><div class=\"vce-col-content\" data-vce-element-content=\"true\" data-vce-do-apply=\"padding el-98853edb\"><div class=\"vce-text-block\"><div class=\"vce-text-block-wrapper vce\" id=\"el-eece821e\" data-vce-do-apply=\"all el-eece821e\">\n<h1 class=\"has-text-align-center wp-block-heading\">Impresi\u00f3n calidad Museo<\/h1>\n\n<p class=\"has-text-align-center\">Fineart es la denominaci\u00f3n que se da a aquella actividad que mediante sustratos, t\u00e9cnicas de impresi\u00f3n y procedimientos consigue reproducciones de alta calidad a partir de un archivo digital. Obras de arte, fotograf\u00edas, facs\u00edmiles o cualquier pieza que busque resaltar o conservar su valor utiliza esta t\u00e9cnica. Para ello, en EDUK, aplicamos un delicado proceso de elaboraci\u00f3n que considera impresi\u00f3n Gicl\u00e9e en una impresora especial de alta calidad con 12 tintas, que nos permite alcanzar la definici\u00f3n y las gradientes adecuadas para una excelente reproducci\u00f3n. Adem\u00e1s utilizamos papeles fotogr\u00e1ficos o de fibras naturales, libres de \u00e1cido y blanqueadores, que preservan la obra por decenas de a\u00f1os en condiciones de conservaci\u00f3n.<\/p>\n\n<p>&nbsp;<\/p>\n\n<div class=\"wp-block-image\">\n<figure class=\"aligncenter\"><a href=\"..\/wp-content\/uploads\/2022\/08\/canon-prograf-pro-1000-17-impresora-professional-canon.jpg\" data-rel=\"lightbox-image-0\" data-rl_title=\"\" data-rl_caption=\"\" title=\"\"><img loading=\"lazy\" decoding=\"async\" width=\"1024\" height=\"439\" class=\"wp-image-10706\" src=\"..\/wp-content\/uploads\/2022\/08\/canon-prograf-pro-1000-17-impresora-professional-canon-1024x439.jpg\" alt=\"\" srcset=\"https:\/\/www.edukdiseno.cl\/home\/wp-content\/uploads\/2022\/08\/canon-prograf-pro-1000-17-impresora-professional-canon-1024x439.jpg 1024w, https:\/\/www.edukdiseno.cl\/home\/wp-content\/uploads\/2022\/08\/canon-prograf-pro-1000-17-impresora-professional-canon-300x129.jpg 300w, https:\/\/www.edukdiseno.cl\/home\/wp-content\/uploads\/2022\/08\/canon-prograf-pro-1000-17-impresora-professional-canon-600x257.jpg 600w, https:\/\/www.edukdiseno.cl\/home\/wp-content\/uploads\/2022\/08\/canon-prograf-pro-1000-17-impresora-professional-canon-940x403.jpg 940w, https:\/\/www.edukdiseno.cl\/home\/wp-content\/uploads\/2022\/08\/canon-prograf-pro-1000-17-impresora-professional-canon.jpg 1500w, https:\/\/www.edukdiseno.cl\/home\/wp-content\/uploads\/2022\/08\/canon-prograf-pro-1000-17-impresora-professional-canon-600x257@2x.jpg 1200w\" sizes=\"(max-width: 1024px) 100vw, 1024px\" \/><\/a><\/figure>\n<\/div>\n\n<p class=\"has-text-align-center\"><strong>CANON PRO 1000<\/strong> formato m\u00e1ximo A2 (59x43cm)<\/p>\n\n<p>&nbsp;<\/p>\n\n<p>&nbsp;<\/p>\n\n<h1 class=\"has-text-align-center wp-block-heading\">Artes visuales, patrimonio y m\u00e1s!<\/h1>\n\n<p style=\"text-align: center;\">Hemos trabajado por m\u00e1s de 20 a\u00f1os con museos y sabemos bien lo que &#8220;calidad museo&#8221; significa. Cuidamos los detalles en cada etapa del proceso. Trabajamos con curador@s, fot\u00f3graf@s, artistas y dise\u00f1ador@s.&nbsp;<\/p>\n<p>&nbsp;<\/p>\n\n<div class=\"wp-block-image\">\n<figure class=\"aligncenter size-large\"><a href=\"..\/wp-content\/uploads\/2020\/05\/DSC_5785-2.jpg\" data-rel=\"lightbox-image-1\" data-rl_title=\"\" data-rl_caption=\"\" title=\"\"><img loading=\"lazy\" decoding=\"async\" width=\"1024\" height=\"751\" class=\"wp-image-10718\" src=\"..\/wp-content\/uploads\/2022\/08\/Sagrada-Familia_1-1024x751.jpg\" alt=\"\" srcset=\"https:\/\/www.edukdiseno.cl\/home\/wp-content\/uploads\/2022\/08\/Sagrada-Familia_1-1024x751.jpg 1024w, https:\/\/www.edukdiseno.cl\/home\/wp-content\/uploads\/2022\/08\/Sagrada-Familia_1-300x220.jpg 300w, https:\/\/www.edukdiseno.cl\/home\/wp-content\/uploads\/2022\/08\/Sagrada-Familia_1-1536x1127.jpg 1536w, https:\/\/www.edukdiseno.cl\/home\/wp-content\/uploads\/2022\/08\/Sagrada-Familia_1-2048x1502.jpg 2048w, https:\/\/www.edukdiseno.cl\/home\/wp-content\/uploads\/2022\/08\/Sagrada-Familia_1-600x440.jpg 600w, https:\/\/www.edukdiseno.cl\/home\/wp-content\/uploads\/2022\/08\/Sagrada-Familia_1-940x689.jpg 940w, https:\/\/www.edukdiseno.cl\/home\/wp-content\/uploads\/2022\/08\/Sagrada-Familia_1-600x440@2x.jpg 1200w, https:\/\/www.edukdiseno.cl\/home\/wp-content\/uploads\/2022\/08\/Sagrada-Familia_1-940x689@2x.jpg 1880w\" sizes=\"(max-width: 1024px) 100vw, 1024px\" \/><\/a><\/figure>\n<\/div>\n\n<p>&nbsp;<\/p>\n\n<p>&nbsp;<\/p>\n\n<h1 class=\"has-text-align-center wp-block-heading\">Los mejores materiales<\/h1>\n\n<p class=\"has-text-align-center\">La CANON Pro 1000 es una impresora de formato medio que imprime hasta A2. Usa 12 tintas especiales al agua y tiene una alt\u00edsima resoluci\u00f3n que permite reproducir fielmente los colores y matices. Usamos papeles fotogr\u00e1ficos, de algod\u00f3n o alfacelulosa especiales para la conservaci\u00f3n de la obra, marca Hahnem\u00fchle y Canson entre otros.<\/p>\n\n<p>&nbsp;<\/p>\n\n<h4 class=\"wp-block-heading\"><a href=\"..\/wp-content\/uploads\/2022\/08\/IMG_5244-scaled.jpg\" data-rel=\"lightbox-image-2\" data-rl_title=\"\" data-rl_caption=\"\" title=\"\"><img loading=\"lazy\" decoding=\"async\" class=\"aligncenter wp-image-10717\" src=\"..\/wp-content\/uploads\/2022\/08\/IMG_5244-480x400.jpg\" alt=\"\" width=\"480\" height=\"480\" data-id=\"3810\" srcset=\"https:\/\/www.edukdiseno.cl\/home\/wp-content\/uploads\/2022\/08\/IMG_5244-150x150@2x.jpg 300w, https:\/\/www.edukdiseno.cl\/home\/wp-content\/uploads\/2022\/08\/IMG_5244-1024x1024.jpg 1024w, https:\/\/www.edukdiseno.cl\/home\/wp-content\/uploads\/2022\/08\/IMG_5244-150x150.jpg 150w, https:\/\/www.edukdiseno.cl\/home\/wp-content\/uploads\/2022\/08\/IMG_5244-1536x1536.jpg 1536w, https:\/\/www.edukdiseno.cl\/home\/wp-content\/uploads\/2022\/08\/IMG_5244-2048x2048.jpg 2048w, https:\/\/www.edukdiseno.cl\/home\/wp-content\/uploads\/2022\/08\/IMG_5244-600x600.jpg 600w, https:\/\/www.edukdiseno.cl\/home\/wp-content\/uploads\/2022\/08\/IMG_5244-940x940.jpg 940w, https:\/\/www.edukdiseno.cl\/home\/wp-content\/uploads\/2022\/08\/IMG_5244-600x600@2x.jpg 1200w, https:\/\/www.edukdiseno.cl\/home\/wp-content\/uploads\/2022\/08\/IMG_5244-940x940@2x.jpg 1880w\" sizes=\"(max-width: 480px) 100vw, 480px\" \/><\/a><\/h4>\n\n<p>&nbsp;<\/p>\n\n<h1 class=\"has-text-align-center wp-block-heading\" style=\"text-align: center;\"><a href=\"..\/wp-content\/uploads\/2022\/08\/Captura-de-Pantalla-2022-08-26-a-las-11.45.22.png\" data-rel=\"lightbox-image-3\" data-rl_title=\"\" data-rl_caption=\"\" title=\"\"><img loading=\"lazy\" decoding=\"async\" class=\"aligncenter wp-image-10725\" src=\"..\/wp-content\/uploads\/2022\/08\/Captura-de-Pantalla-2022-08-26-a-las-11.45.22.png\" alt=\"\" width=\"480\" height=\"154\" data-id=\"10725\" srcset=\"https:\/\/www.edukdiseno.cl\/home\/wp-content\/uploads\/2022\/08\/Captura-de-Pantalla-2022-08-26-a-las-11.45.22.png 660w, https:\/\/www.edukdiseno.cl\/home\/wp-content\/uploads\/2022\/08\/Captura-de-Pantalla-2022-08-26-a-las-11.45.22-300x96.png 300w, https:\/\/www.edukdiseno.cl\/home\/wp-content\/uploads\/2022\/08\/Captura-de-Pantalla-2022-08-26-a-las-11.45.22-600x193.png 600w\" sizes=\"(max-width: 480px) 100vw, 480px\" \/><\/a>Impresi\u00f3n Gicl\u00e9e<\/h1>\n<h6 style=\"text-align: center;\"><span style=\"color: #800000;\"><em>Formato m\u00e1ximo A2 (59x42cm)<\/em><\/span><\/h6>\n\n<p>&nbsp;<\/p>\n\n<h5 class=\"has-text-align-center wp-block-heading\">Fotograf\u00eda de autor<\/h5>\n\n<h5 class=\"has-text-align-center wp-block-heading\">Reproducciones de obras de arte<\/h5>\n\n<h5 class=\"has-text-align-center wp-block-heading\">Facs\u00edmiles de material patrimonial<\/h5>\n\n<p>&nbsp;<\/p>\n<hr class=\"wp-block-separator\">\n<p>&nbsp;<\/p>\n\n<div class=\"ezcol ezcol-one-half\">\n\n<p>&nbsp;<\/p>\n\n<div class=\"wp-block-image\" style=\"text-align: center;\">\n<figure class=\"aligncenter size-large\"><a href=\"..\/wp-content\/uploads\/2020\/05\/DSC_5748.jpg\" data-rel=\"lightbox-image-4\" data-rl_title=\"\" data-rl_caption=\"\" title=\"\"><img loading=\"lazy\" decoding=\"async\" width=\"1024\" height=\"1024\" class=\"wp-image-10716\" src=\"..\/wp-content\/uploads\/2022\/08\/CEB1BBA2-EFA0-47B6-871C-5E3D2433F0C1-1024x1024.jpg\" alt=\"\" srcset=\"https:\/\/www.edukdiseno.cl\/home\/wp-content\/uploads\/2022\/08\/CEB1BBA2-EFA0-47B6-871C-5E3D2433F0C1-1024x1024.jpg 1024w, https:\/\/www.edukdiseno.cl\/home\/wp-content\/uploads\/2022\/08\/CEB1BBA2-EFA0-47B6-871C-5E3D2433F0C1-150x150@2x.jpg 300w, https:\/\/www.edukdiseno.cl\/home\/wp-content\/uploads\/2022\/08\/CEB1BBA2-EFA0-47B6-871C-5E3D2433F0C1-150x150.jpg 150w, https:\/\/www.edukdiseno.cl\/home\/wp-content\/uploads\/2022\/08\/CEB1BBA2-EFA0-47B6-871C-5E3D2433F0C1-600x600.jpg 600w, https:\/\/www.edukdiseno.cl\/home\/wp-content\/uploads\/2022\/08\/CEB1BBA2-EFA0-47B6-871C-5E3D2433F0C1-940x940.jpg 940w, https:\/\/www.edukdiseno.cl\/home\/wp-content\/uploads\/2022\/08\/CEB1BBA2-EFA0-47B6-871C-5E3D2433F0C1.jpg 1440w, https:\/\/www.edukdiseno.cl\/home\/wp-content\/uploads\/2022\/08\/CEB1BBA2-EFA0-47B6-871C-5E3D2433F0C1-600x600@2x.jpg 1200w\" sizes=\"(max-width: 1024px) 100vw, 1024px\" \/><\/a>\n<figcaption><em>Facs\u00edmil para Museo O\u00b4Higginiano de Bellas Artes de Talca<\/em><\/figcaption>\n<\/figure>\n<\/div>\n\n<p>&nbsp;<\/p>\n\n<\/div> <div class=\"ezcol ezcol-one-half ezcol-last\">\n\n<p>&nbsp;<\/p>\n\n<div class=\"wp-block-image\" style=\"text-align: center;\">\n<figure class=\"aligncenter size-large\"><a href=\"..\/wp-content\/uploads\/2020\/05\/DSC_5747.jpg\" data-rel=\"lightbox-image-5\" data-rl_title=\"\" data-rl_caption=\"\" title=\"\"><img loading=\"lazy\" decoding=\"async\" width=\"1024\" height=\"1024\" class=\"wp-image-10715\" src=\"..\/wp-content\/uploads\/2022\/08\/0507E1C5-4243-42AD-8835-572314AD565F-1024x1024.jpg\" alt=\"\" srcset=\"https:\/\/www.edukdiseno.cl\/home\/wp-content\/uploads\/2022\/08\/0507E1C5-4243-42AD-8835-572314AD565F-1024x1024.jpg 1024w, https:\/\/www.edukdiseno.cl\/home\/wp-content\/uploads\/2022\/08\/0507E1C5-4243-42AD-8835-572314AD565F-150x150@2x.jpg 300w, https:\/\/www.edukdiseno.cl\/home\/wp-content\/uploads\/2022\/08\/0507E1C5-4243-42AD-8835-572314AD565F-150x150.jpg 150w, https:\/\/www.edukdiseno.cl\/home\/wp-content\/uploads\/2022\/08\/0507E1C5-4243-42AD-8835-572314AD565F-600x600.jpg 600w, https:\/\/www.edukdiseno.cl\/home\/wp-content\/uploads\/2022\/08\/0507E1C5-4243-42AD-8835-572314AD565F-940x940.jpg 940w, https:\/\/www.edukdiseno.cl\/home\/wp-content\/uploads\/2022\/08\/0507E1C5-4243-42AD-8835-572314AD565F.jpg 1440w, https:\/\/www.edukdiseno.cl\/home\/wp-content\/uploads\/2022\/08\/0507E1C5-4243-42AD-8835-572314AD565F-600x600@2x.jpg 1200w\" sizes=\"(max-width: 1024px) 100vw, 1024px\" \/><\/a>\n<figcaption><em>Facs\u00edmil para Museo O\u00b4Higginiano de Bellas Artes de Talca<\/em><\/figcaption>\n<\/figure>\n<\/div>\n\n<p>&nbsp;<\/p>\n\n<\/div><div class=\"ezcol-divider\"><\/div> <div class=\"ezcol ezcol-one-half\">\n\n<p>&nbsp;<\/p>\n\n<div class=\"wp-block-image\" style=\"text-align: center;\">\n<figure class=\"aligncenter size-large\"><a href=\"..\/wp-content\/uploads\/2020\/05\/DSC_5755.jpg\" data-rel=\"lightbox-image-6\" data-rl_title=\"\" data-rl_caption=\"\" title=\"\"><img loading=\"lazy\" decoding=\"async\" width=\"1024\" height=\"1024\" class=\"wp-image-10714\" src=\"..\/wp-content\/uploads\/2022\/08\/3D32DDD5-D8A9-4472-A237-6DA3A7921100-1024x1024.jpg\" alt=\"\" srcset=\"https:\/\/www.edukdiseno.cl\/home\/wp-content\/uploads\/2022\/08\/3D32DDD5-D8A9-4472-A237-6DA3A7921100-1024x1024.jpg 1024w, https:\/\/www.edukdiseno.cl\/home\/wp-content\/uploads\/2022\/08\/3D32DDD5-D8A9-4472-A237-6DA3A7921100-150x150@2x.jpg 300w, https:\/\/www.edukdiseno.cl\/home\/wp-content\/uploads\/2022\/08\/3D32DDD5-D8A9-4472-A237-6DA3A7921100-150x150.jpg 150w, https:\/\/www.edukdiseno.cl\/home\/wp-content\/uploads\/2022\/08\/3D32DDD5-D8A9-4472-A237-6DA3A7921100-600x600.jpg 600w, https:\/\/www.edukdiseno.cl\/home\/wp-content\/uploads\/2022\/08\/3D32DDD5-D8A9-4472-A237-6DA3A7921100-940x940.jpg 940w, https:\/\/www.edukdiseno.cl\/home\/wp-content\/uploads\/2022\/08\/3D32DDD5-D8A9-4472-A237-6DA3A7921100.jpg 1440w, https:\/\/www.edukdiseno.cl\/home\/wp-content\/uploads\/2022\/08\/3D32DDD5-D8A9-4472-A237-6DA3A7921100-600x600@2x.jpg 1200w\" sizes=\"(max-width: 1024px) 100vw, 1024px\" \/><\/a>\n<figcaption><em>Facs\u00edmil para Museo O\u00b4Higginiano de Bellas Artes de Talca<\/em><\/figcaption>\n<\/figure>\n<\/div>\n\n<p>&nbsp;<\/p>\n\n<\/div> <div class=\"ezcol ezcol-one-half ezcol-last\">\n\n<p>&nbsp;<\/p>\n\n<div class=\"wp-block-image\" style=\"text-align: center;\">\n<figure class=\"aligncenter size-large\"><a href=\"..\/wp-content\/uploads\/2020\/05\/DSC_5761.jpg\" data-rel=\"lightbox-image-7\" data-rl_title=\"\" data-rl_caption=\"\" title=\"\"><img loading=\"lazy\" decoding=\"async\" width=\"1024\" height=\"1024\" class=\"wp-image-10719\" src=\"..\/wp-content\/uploads\/2022\/08\/IMG_6016-1024x1024.jpg\" alt=\"\" srcset=\"https:\/\/www.edukdiseno.cl\/home\/wp-content\/uploads\/2022\/08\/IMG_6016-1024x1024.jpg 1024w, https:\/\/www.edukdiseno.cl\/home\/wp-content\/uploads\/2022\/08\/IMG_6016-150x150@2x.jpg 300w, https:\/\/www.edukdiseno.cl\/home\/wp-content\/uploads\/2022\/08\/IMG_6016-150x150.jpg 150w, https:\/\/www.edukdiseno.cl\/home\/wp-content\/uploads\/2022\/08\/IMG_6016-1536x1536.jpg 1536w, https:\/\/www.edukdiseno.cl\/home\/wp-content\/uploads\/2022\/08\/IMG_6016-600x600.jpg 600w, https:\/\/www.edukdiseno.cl\/home\/wp-content\/uploads\/2022\/08\/IMG_6016-940x940.jpg 940w, https:\/\/www.edukdiseno.cl\/home\/wp-content\/uploads\/2022\/08\/IMG_6016.jpg 1844w, https:\/\/www.edukdiseno.cl\/home\/wp-content\/uploads\/2022\/08\/IMG_6016-600x600@2x.jpg 1200w\" sizes=\"(max-width: 1024px) 100vw, 1024px\" \/><\/a>\n<figcaption><em>Reproducciones de obras de arte<\/em><\/figcaption>\n<\/figure>\n<\/div>\n\n<p>&nbsp;<\/p>\n\n<\/div><div class=\"ezcol-divider\"><\/div><\/p>\n<hr>\n<h5>&nbsp;<\/h5>\n<h5><a href=\"https:\/\/www.edukfineart.com\"><img loading=\"lazy\" decoding=\"async\" class=\"aligncenter wp-image-10726 size-1536x1536\" src=\"..\/wp-content\/uploads\/2022\/08\/Captura-de-Pantalla-2022-08-26-a-las-11.53.02-1536x467.png\" alt=\"\" width=\"940\" height=\"286\" data-id=\"10726\" srcset=\"https:\/\/www.edukdiseno.cl\/home\/wp-content\/uploads\/2022\/08\/Captura-de-Pantalla-2022-08-26-a-las-11.53.02-1536x467.png 1536w, https:\/\/www.edukdiseno.cl\/home\/wp-content\/uploads\/2022\/08\/Captura-de-Pantalla-2022-08-26-a-las-11.53.02-300x91.png 300w, https:\/\/www.edukdiseno.cl\/home\/wp-content\/uploads\/2022\/08\/Captura-de-Pantalla-2022-08-26-a-las-11.53.02-1024x312.png 1024w, https:\/\/www.edukdiseno.cl\/home\/wp-content\/uploads\/2022\/08\/Captura-de-Pantalla-2022-08-26-a-las-11.53.02-600x183.png 600w, https:\/\/www.edukdiseno.cl\/home\/wp-content\/uploads\/2022\/08\/Captura-de-Pantalla-2022-08-26-a-las-11.53.02-940x286.png 940w, https:\/\/www.edukdiseno.cl\/home\/wp-content\/uploads\/2022\/08\/Captura-de-Pantalla-2022-08-26-a-las-11.53.02.png 1906w, https:\/\/www.edukdiseno.cl\/home\/wp-content\/uploads\/2022\/08\/Captura-de-Pantalla-2022-08-26-a-las-11.53.02-600x183@2x.png 1200w, https:\/\/www.edukdiseno.cl\/home\/wp-content\/uploads\/2022\/08\/Captura-de-Pantalla-2022-08-26-a-las-11.53.02-940x286@2x.png 1880w\" sizes=\"(max-width: 940px) 100vw, 940px\" \/><\/a><\/h5>\n<h5 style=\"text-align: center;\">Conoce nuestro proyecto <strong>De la Casa al Museo<\/strong>, donde encontrar\u00e1s un cat\u00e1logo de obras de arte universal para llevar contigo o regalar. <span style=\"color: #800000;\"><strong><a style=\"color: #800000;\" href=\"https:\/\/www.edukfineart.com\">Ir<\/a><\/strong><\/span>.<\/h5>\n<\/div><\/div><\/div><\/div><\/div><\/div><\/div><\/div><!--vcv no format-->","protected":false},"excerpt":{"rendered":"<p>Impresi\u00f3n calidad Museo Fineart es la denominaci\u00f3n que se da a aquella actividad que mediante sustratos, t\u00e9cnicas de impresi\u00f3n y procedimientos consigue reproducciones de alta calidad a partir de un\u2026 <span class=\"read-btn\"><a class=\"read-more\" href=\"https:\/\/www.edukdiseno.cl\/home\/fineart\/\">Read More &rarr;<\/a><\/span><\/p>\n","protected":false},"author":1,"featured_media":0,"parent":0,"menu_order":0,"comment_status":"closed","ping_status":"closed","template":"","meta":{"footnotes":""},"class_list":["post-10711","page","type-page","status-publish","hentry"],"_links":{"self":[{"href":"https:\/\/www.edukdiseno.cl\/home\/wp-json\/wp\/v2\/pages\/10711"}],"collection":[{"href":"https:\/\/www.edukdiseno.cl\/home\/wp-json\/wp\/v2\/pages"}],"about":[{"href":"https:\/\/www.edukdiseno.cl\/home\/wp-json\/wp\/v2\/types\/page"}],"author":[{"embeddable":true,"href":"https:\/\/www.edukdiseno.cl\/home\/wp-json\/wp\/v2\/users\/1"}],"replies":[{"embeddable":true,"href":"https:\/\/www.edukdiseno.cl\/home\/wp-json\/wp\/v2\/comments?post=10711"}],"version-history":[{"count":12,"href":"https:\/\/www.edukdiseno.cl\/home\/wp-json\/wp\/v2\/pages\/10711\/revisions"}],"predecessor-version":[{"id":10766,"href":"https:\/\/www.edukdiseno.cl\/home\/wp-json\/wp\/v2\/pages\/10711\/revisions\/10766"}],"wp:attachment":[{"href":"https:\/\/www.edukdiseno.cl\/home\/wp-json\/wp\/v2\/media?parent=10711"}],"curies":[{"name":"wp","href":"https:\/\/api.w.org\/{rel}","templated":true}]}}