{"id":3868,"date":"2020-06-01T17:36:08","date_gmt":"2020-06-01T21:36:08","guid":{"rendered":"http:\/\/www.edukdiseno.cl\/home\/?page_id=3868"},"modified":"2020-06-03T18:24:10","modified_gmt":"2020-06-03T22:24:10","slug":"eduk-reds","status":"publish","type":"page","link":"https:\/\/www.edukdiseno.cl\/home\/eduk-reds\/","title":{"rendered":"REDs"},"content":{"rendered":"\n<h1><\/h1>\n<h1 style=\"text-align: center;\">Recursos Educativos Digitales REDs<\/h1>\n<p style=\"text-align: center;\">Las tecnolog\u00edas de la informaci\u00f3n y la comunicaci\u00f3n abren un espectro amplio de herramientas y soluciones para abordar los procesos de conocimiento, aprendizaje e involucramiento de los p\u00fablicos objetivos. Estudiantes, visitantes de museos, p\u00fablico especialista o general&#8230; Clases, exposiciones, capacitaciones, servicios&#8230; todos son \u00e1mbitos en que los objetos digitales se convierten en un complemento de la experiencia del aprendizaje conducida mediante la did\u00e1ctica apropiada.<\/p>\n<p style=\"text-align: center;\"><a href=\"http:\/\/www.edukdiseno.cl\/home\/wp-content\/uploads\/2020\/06\/juego-ipad.jpg\" data-rel=\"lightbox-image-0\" data-rl_title=\"\" data-rl_caption=\"\" title=\"\"><img loading=\"lazy\" decoding=\"async\" class=\"aligncenter wp-image-3857 \" src=\"http:\/\/www.edukdiseno.cl\/home\/wp-content\/uploads\/2020\/06\/juego-ipad.jpg\" alt=\"\" width=\"739\" height=\"481\" data-id=\"3764\" srcset=\"https:\/\/www.edukdiseno.cl\/home\/wp-content\/uploads\/2020\/06\/juego-ipad.jpg 1601w, https:\/\/www.edukdiseno.cl\/home\/wp-content\/uploads\/2020\/06\/juego-ipad-300x195.jpg 300w, https:\/\/www.edukdiseno.cl\/home\/wp-content\/uploads\/2020\/06\/juego-ipad-1024x666.jpg 1024w, https:\/\/www.edukdiseno.cl\/home\/wp-content\/uploads\/2020\/06\/juego-ipad-1536x1000.jpg 1536w, https:\/\/www.edukdiseno.cl\/home\/wp-content\/uploads\/2020\/06\/juego-ipad-600x391.jpg 600w, https:\/\/www.edukdiseno.cl\/home\/wp-content\/uploads\/2020\/06\/juego-ipad-940x612.jpg 940w, https:\/\/www.edukdiseno.cl\/home\/wp-content\/uploads\/2020\/06\/juego-ipad-600x391@2x.jpg 1200w\" sizes=\"(max-width: 739px) 100vw, 739px\" \/><\/a>JUEGO DE CIENCIAS HTML5<\/p>\n\n<h4><\/h4>\n<p>&nbsp;<p>\n<p>&nbsp;<p>\n<h2><\/h2>\n<h1 style=\"text-align: center;\">Did\u00e1ctica digital<\/h1>\n<p style=\"text-align: center;\">Tal como nuestra pr\u00e1ctica museogr\u00e1fica establece un m\u00e9todo para el dise\u00f1o de soluciones educativas, nuestro enfoque digital ve a la pr\u00e1ctica y acci\u00f3n did\u00e1ctica como un proceso de investigaci\u00f3n y experimentaci\u00f3n; que debe considerar el contexto, los actores y las tem\u00e1ticas a plantear, generando propuestas \u00fatiles y funcionales a los objetivos educativos o comunicacionales.<\/p>\n<p style=\"text-align: center;\">&nbsp;<a href=\"http:\/\/www.edukdiseno.cl\/home\/wp-content\/uploads\/2020\/05\/3d-1-scaled.jpg\" data-rel=\"lightbox-image-1\" data-rl_title=\"\" data-rl_caption=\"\" title=\"\">\n<\/a><a href=\"http:\/\/www.edukdiseno.cl\/home\/wp-content\/uploads\/2020\/05\/3d-1-scaled.jpg\" data-rel=\"lightbox-image-1\" data-rl_title=\"\" data-rl_caption=\"\" title=\"\">\n<\/a><a href=\"http:\/\/www.edukdiseno.cl\/home\/wp-content\/uploads\/2020\/06\/imac-antartica.jpg\" data-rel=\"lightbox-image-3\" data-rl_title=\"\" data-rl_caption=\"\" title=\"\"><img loading=\"lazy\" decoding=\"async\" class=\"aligncenter wp-image-3858 \" src=\"http:\/\/www.edukdiseno.cl\/home\/wp-content\/uploads\/2020\/06\/imac-antartica.jpg\" alt=\"\" width=\"808\" height=\"669\" data-id=\"3774\" srcset=\"https:\/\/www.edukdiseno.cl\/home\/wp-content\/uploads\/2020\/06\/imac-antartica.jpg 1358w, https:\/\/www.edukdiseno.cl\/home\/wp-content\/uploads\/2020\/06\/imac-antartica-300x249.jpg 300w, https:\/\/www.edukdiseno.cl\/home\/wp-content\/uploads\/2020\/06\/imac-antartica-1024x848.jpg 1024w, https:\/\/www.edukdiseno.cl\/home\/wp-content\/uploads\/2020\/06\/imac-antartica-600x497.jpg 600w, https:\/\/www.edukdiseno.cl\/home\/wp-content\/uploads\/2020\/06\/imac-antartica-940x779.jpg 940w, https:\/\/www.edukdiseno.cl\/home\/wp-content\/uploads\/2020\/06\/imac-antartica-600x497@2x.jpg 1200w\" sizes=\"(max-width: 808px) 100vw, 808px\" \/><\/a><\/p>\n<p style=\"text-align: center;\">APLICACI\u00d3N WEB PARA COMPLEMENTAR EXPOSICI\u00d3N ANT\u00c1RTICA<\/p>\n&nbsp;\n\n<p>&nbsp;<p>\n<p>&nbsp;<p>\n<h1 style=\"text-align: center;\">Objetos digitales<\/h1>\n<p style=\"text-align: center;\">EDUK desarrolla soluciones digitales a medida, para reforzar los procesos de aprehensi\u00f3n y comprensi\u00f3n de contenidos y mensajes. Desde la creaci\u00f3n de juegos de ejercitaci\u00f3n de Lenguaje o Matem\u00e1tica, pasando por desarrollo de cursos e-learning o experiencias inmersivas o de m\u00faltiples toques. Todas son maneras de capturar la atenci\u00f3n y los sentidos de nuestros p\u00fablicos, favoreciendo el desarrollo de dimensiones y competencias, aportando infinitos recursos y mediaciones que favorecen el aprendizaje.<\/p>\n&nbsp;\n<p style=\"text-align: center;\"><a href=\"http:\/\/www.edukdiseno.cl\/home\/wp-content\/uploads\/2020\/06\/iphone-learning.jpg\" data-rel=\"lightbox-image-4\" data-rl_title=\"\" data-rl_caption=\"\" title=\"\"><img loading=\"lazy\" decoding=\"async\" class=\"aligncenter wp-image-3859 \" src=\"http:\/\/www.edukdiseno.cl\/home\/wp-content\/uploads\/2020\/06\/iphone-learning.jpg\" alt=\"\" width=\"806\" height=\"378\" data-id=\"3404\" srcset=\"https:\/\/www.edukdiseno.cl\/home\/wp-content\/uploads\/2020\/06\/iphone-learning.jpg 1962w, https:\/\/www.edukdiseno.cl\/home\/wp-content\/uploads\/2020\/06\/iphone-learning-300x141.jpg 300w, https:\/\/www.edukdiseno.cl\/home\/wp-content\/uploads\/2020\/06\/iphone-learning-1024x480.jpg 1024w, https:\/\/www.edukdiseno.cl\/home\/wp-content\/uploads\/2020\/06\/iphone-learning-1536x720.jpg 1536w, https:\/\/www.edukdiseno.cl\/home\/wp-content\/uploads\/2020\/06\/iphone-learning-600x281.jpg 600w, https:\/\/www.edukdiseno.cl\/home\/wp-content\/uploads\/2020\/06\/iphone-learning-940x441.jpg 940w, https:\/\/www.edukdiseno.cl\/home\/wp-content\/uploads\/2020\/06\/iphone-learning-600x281@2x.jpg 1200w, https:\/\/www.edukdiseno.cl\/home\/wp-content\/uploads\/2020\/06\/iphone-learning-940x441@2x.jpg 1880w\" sizes=\"(max-width: 806px) 100vw, 806px\" \/><\/a>M\u00d3DULO H5P EN MOODLE. PLATAFORMA E-LEARNING.<\/p>\n<p>&nbsp;<p>\n<p>&nbsp;<p>\n<h1 style=\"text-align: center;\">Desarrollamos<\/h1>\n<h5 style=\"text-align: center;\">Multimedia<\/h5>\n<h5 style=\"text-align: center;\">Apps educativas<\/h5>\n<h5 style=\"text-align: center;\">Cursos e-learning<\/h5>\n<h5 style=\"text-align: center;\">Recursos digitales para museos y exposiciones<\/h5>\n<h5 style=\"text-align: center;\">Recursos educativos did\u00e1cticos<\/h5>\n<h5 style=\"text-align: center;\">Soportes y habit\u00e1culos para objetos digitales<\/h5>\n<p>&nbsp;<p>\n<hr>\n<p>&nbsp;<p>\n<div class=\"ezcol ezcol-one-half\">\n\n<div id=\"attachment_3879\" style=\"width: 490px\" class=\"wp-caption aligncenter\"><a href=\"http:\/\/www.edukdiseno.cl\/home\/wp-content\/uploads\/2020\/06\/appcedulas-ipad1.jpg\" data-rel=\"lightbox-image-5\" data-rl_title=\"\" data-rl_caption=\"\" title=\"\"><img loading=\"lazy\" decoding=\"async\" aria-describedby=\"caption-attachment-3879\" class=\"wp-image-3879 size-gallery-thumb\" src=\"http:\/\/www.edukdiseno.cl\/home\/wp-content\/uploads\/2020\/06\/appcedulas-ipad1-480x400.jpg\" alt=\"APP para c\u00e9dulas de museo\" width=\"480\" height=\"400\" data-id=\"999\" srcset=\"https:\/\/www.edukdiseno.cl\/home\/wp-content\/uploads\/2020\/06\/appcedulas-ipad1-480x400.jpg 480w, https:\/\/www.edukdiseno.cl\/home\/wp-content\/uploads\/2020\/06\/appcedulas-ipad1-480x400@2x.jpg 960w\" sizes=\"(max-width: 480px) 100vw, 480px\" \/><\/a><p id=\"caption-attachment-3879\" class=\"wp-caption-text\">APP para c\u00e9dulas de museo<\/p><\/div>\n\n<\/div>\n\n<div class=\"ezcol ezcol-one-half ezcol-last\">\n\n<div id=\"attachment_3880\" style=\"width: 490px\" class=\"wp-caption aligncenter\"><a href=\"http:\/\/www.edukdiseno.cl\/home\/wp-content\/uploads\/2020\/06\/appcedulas-ipad2.jpg\" data-rel=\"lightbox-image-6\" data-rl_title=\"\" data-rl_caption=\"\" title=\"\"><img loading=\"lazy\" decoding=\"async\" aria-describedby=\"caption-attachment-3880\" class=\"wp-image-3880 size-gallery-thumb\" src=\"http:\/\/www.edukdiseno.cl\/home\/wp-content\/uploads\/2020\/06\/appcedulas-ipad2-480x400.jpg\" alt=\"APP para c\u00e9dulas de museo\" width=\"480\" height=\"400\" data-id=\"1008\" srcset=\"https:\/\/www.edukdiseno.cl\/home\/wp-content\/uploads\/2020\/06\/appcedulas-ipad2-480x400.jpg 480w, https:\/\/www.edukdiseno.cl\/home\/wp-content\/uploads\/2020\/06\/appcedulas-ipad2-480x400@2x.jpg 960w\" sizes=\"(max-width: 480px) 100vw, 480px\" \/><\/a><p id=\"caption-attachment-3880\" class=\"wp-caption-text\">APP para c\u00e9dulas de museo<\/p><\/div>\n\n<\/div><div class=\"ezcol-divider\"><\/div>\n\n<div class=\"ezcol ezcol-one-half\">\n\n<div id=\"attachment_3408\" style=\"width: 490px\" class=\"wp-caption aligncenter\"><a href=\"http:\/\/www.edukdiseno.cl\/home\/wp-content\/uploads\/2020\/05\/e-learning-2-e1588447495496.png\" data-rel=\"lightbox-image-7\" data-rl_title=\"\" data-rl_caption=\"\" title=\"\"><img loading=\"lazy\" decoding=\"async\" aria-describedby=\"caption-attachment-3408\" class=\"wp-image-3408 size-gallery-thumb\" src=\"http:\/\/www.edukdiseno.cl\/home\/wp-content\/uploads\/2020\/05\/e-learning-2-480x400.png\" alt=\"Plataforma E-learning CRA\" width=\"480\" height=\"400\" data-id=\"999\"><\/a><p id=\"caption-attachment-3408\" class=\"wp-caption-text\">Plataforma E-learning<\/p><\/div>\n\n<\/div>\n\n<div class=\"ezcol ezcol-one-half ezcol-last\">\n\n<div id=\"attachment_3406\" style=\"width: 490px\" class=\"wp-caption aligncenter\"><a href=\"http:\/\/www.edukdiseno.cl\/home\/wp-content\/uploads\/2020\/05\/e-learning-4-e1588447520952.png\" data-rel=\"lightbox-image-8\" data-rl_title=\"\" data-rl_caption=\"\" title=\"\"><img loading=\"lazy\" decoding=\"async\" aria-describedby=\"caption-attachment-3406\" class=\"wp-image-3406 size-gallery-thumb\" src=\"http:\/\/www.edukdiseno.cl\/home\/wp-content\/uploads\/2020\/05\/e-learning-4-480x400.png\" alt=\"Plataforma E-learning\" width=\"480\" height=\"400\" data-id=\"1008\"><\/a><p id=\"caption-attachment-3406\" class=\"wp-caption-text\">Plataforma E-learning H5P<\/p><\/div>\n\n<\/div><div class=\"ezcol-divider\"><\/div>\n\n<div class=\"ezcol ezcol-one-half\">\n\n<div id=\"attachment_3856\" style=\"width: 490px\" class=\"wp-caption aligncenter\"><a href=\"http:\/\/www.edukdiseno.cl\/home\/wp-content\/uploads\/2020\/06\/red-20.png\" data-rel=\"lightbox-image-9\" data-rl_title=\"\" data-rl_caption=\"\" title=\"\"><img loading=\"lazy\" decoding=\"async\" aria-describedby=\"caption-attachment-3856\" class=\"wp-image-3856 size-gallery-thumb\" src=\"http:\/\/www.edukdiseno.cl\/home\/wp-content\/uploads\/2020\/06\/red-20-480x400.png\" alt=\"Recurso HTML5 Web\" width=\"480\" height=\"400\" data-id=\"999\" srcset=\"https:\/\/www.edukdiseno.cl\/home\/wp-content\/uploads\/2020\/06\/red-20-480x400.png 480w, https:\/\/www.edukdiseno.cl\/home\/wp-content\/uploads\/2020\/06\/red-20-480x400@2x.png 960w\" sizes=\"(max-width: 480px) 100vw, 480px\" \/><\/a><p id=\"caption-attachment-3856\" class=\"wp-caption-text\">Recurso HTML5 Web<\/p><\/div>\n\n<\/div>\n\n<div class=\"ezcol ezcol-one-half ezcol-last\">\n\n<div id=\"attachment_3855\" style=\"width: 490px\" class=\"wp-caption aligncenter\"><a href=\"http:\/\/www.edukdiseno.cl\/home\/wp-content\/uploads\/2020\/06\/red-19.png\" data-rel=\"lightbox-image-10\" data-rl_title=\"\" data-rl_caption=\"\" title=\"\"><img loading=\"lazy\" decoding=\"async\" aria-describedby=\"caption-attachment-3855\" class=\"wp-image-3855 size-gallery-thumb\" src=\"http:\/\/www.edukdiseno.cl\/home\/wp-content\/uploads\/2020\/06\/red-19-480x400.png\" alt=\"Recurso HTML5 Web\" width=\"480\" height=\"400\" data-id=\"1008\" srcset=\"https:\/\/www.edukdiseno.cl\/home\/wp-content\/uploads\/2020\/06\/red-19-480x400.png 480w, https:\/\/www.edukdiseno.cl\/home\/wp-content\/uploads\/2020\/06\/red-19-480x400@2x.png 960w\" sizes=\"(max-width: 480px) 100vw, 480px\" \/><\/a><p id=\"caption-attachment-3855\" class=\"wp-caption-text\">Recurso HTML5 Web<\/p><\/div>\n\n<\/div><div class=\"ezcol-divider\"><\/div>\n\n<div class=\"ezcol ezcol-one-half\">\n\n<div id=\"attachment_3853\" style=\"width: 490px\" class=\"wp-caption aligncenter\"><a href=\"http:\/\/www.edukdiseno.cl\/home\/wp-content\/uploads\/2020\/06\/red-17.png\" data-rel=\"lightbox-image-11\" data-rl_title=\"\" data-rl_caption=\"\" title=\"\"><img loading=\"lazy\" decoding=\"async\" aria-describedby=\"caption-attachment-3853\" class=\"wp-image-3853 size-gallery-thumb\" src=\"http:\/\/www.edukdiseno.cl\/home\/wp-content\/uploads\/2020\/06\/red-17-480x400.png\" alt=\"RED de ejercitaci\u00f3n random\" width=\"480\" height=\"400\" data-id=\"1000\" srcset=\"https:\/\/www.edukdiseno.cl\/home\/wp-content\/uploads\/2020\/06\/red-17-480x400.png 480w, https:\/\/www.edukdiseno.cl\/home\/wp-content\/uploads\/2020\/06\/red-17-480x400@2x.png 960w\" sizes=\"(max-width: 480px) 100vw, 480px\" \/><\/a><p id=\"caption-attachment-3853\" class=\"wp-caption-text\">RED de ejercitaci\u00f3n random<\/p><\/div>\n\n<\/div>\n\n<div class=\"ezcol ezcol-one-half ezcol-last\">\n\n<div id=\"attachment_3852\" style=\"width: 490px\" class=\"wp-caption aligncenter\"><a href=\"http:\/\/www.edukdiseno.cl\/home\/wp-content\/uploads\/2020\/06\/red-16.png\" data-rel=\"lightbox-image-12\" data-rl_title=\"\" data-rl_caption=\"\" title=\"\"><img loading=\"lazy\" decoding=\"async\" aria-describedby=\"caption-attachment-3852\" class=\"wp-image-3852 size-gallery-thumb\" src=\"http:\/\/www.edukdiseno.cl\/home\/wp-content\/uploads\/2020\/06\/red-16-480x400.png\" alt=\"RED de ejercitaci\u00f3n random\" width=\"480\" height=\"400\" data-id=\"991\" srcset=\"https:\/\/www.edukdiseno.cl\/home\/wp-content\/uploads\/2020\/06\/red-16-480x400.png 480w, https:\/\/www.edukdiseno.cl\/home\/wp-content\/uploads\/2020\/06\/red-16-480x400@2x.png 960w\" sizes=\"(max-width: 480px) 100vw, 480px\" \/><\/a><p id=\"caption-attachment-3852\" class=\"wp-caption-text\">RED de ejercitaci\u00f3n random<\/p><\/div>\n\n<\/div><div class=\"ezcol-divider\"><\/div>\n\n<div class=\"ezcol ezcol-one-half\">\n\n<div id=\"attachment_3851\" style=\"width: 490px\" class=\"wp-caption aligncenter\"><a href=\"http:\/\/www.edukdiseno.cl\/home\/wp-content\/uploads\/2020\/06\/red-15.png\" data-rel=\"lightbox-image-13\" data-rl_title=\"\" data-rl_caption=\"\" title=\"\"><img loading=\"lazy\" decoding=\"async\" aria-describedby=\"caption-attachment-3851\" class=\"wp-image-3851 size-gallery-thumb\" src=\"http:\/\/www.edukdiseno.cl\/home\/wp-content\/uploads\/2020\/06\/red-15-480x400.png\" alt=\"RED de ejercitaci\u00f3n random\" width=\"480\" height=\"400\" data-id=\"1004\" srcset=\"https:\/\/www.edukdiseno.cl\/home\/wp-content\/uploads\/2020\/06\/red-15-480x400.png 480w, https:\/\/www.edukdiseno.cl\/home\/wp-content\/uploads\/2020\/06\/red-15-480x400@2x.png 960w\" sizes=\"(max-width: 480px) 100vw, 480px\" \/><\/a><p id=\"caption-attachment-3851\" class=\"wp-caption-text\">RED de ejercitaci\u00f3n random<\/p><\/div>\n\n<\/div>\n\n<div class=\"ezcol ezcol-one-half ezcol-last\">\n\n<div id=\"attachment_3848\" style=\"width: 490px\" class=\"wp-caption aligncenter\"><a href=\"http:\/\/www.edukdiseno.cl\/home\/wp-content\/uploads\/2020\/06\/red-12.png\" data-rel=\"lightbox-image-14\" data-rl_title=\"\" data-rl_caption=\"\" title=\"\"><img loading=\"lazy\" decoding=\"async\" aria-describedby=\"caption-attachment-3848\" class=\"wp-image-3848 size-gallery-thumb\" src=\"http:\/\/www.edukdiseno.cl\/home\/wp-content\/uploads\/2020\/06\/red-12-480x400.png\" alt=\"RED secuencial\" width=\"480\" height=\"400\" data-id=\"1010\" srcset=\"https:\/\/www.edukdiseno.cl\/home\/wp-content\/uploads\/2020\/06\/red-12-480x400.png 480w, https:\/\/www.edukdiseno.cl\/home\/wp-content\/uploads\/2020\/06\/red-12-480x400@2x.png 960w\" sizes=\"(max-width: 480px) 100vw, 480px\" \/><\/a><p id=\"caption-attachment-3848\" class=\"wp-caption-text\">RED secuencial<\/p><\/div>\n\n<\/div><div class=\"ezcol-divider\"><\/div>\n\n<div class=\"ezcol ezcol-one-half\">\n\n<div id=\"attachment_3847\" style=\"width: 490px\" class=\"wp-caption aligncenter\"><a href=\"http:\/\/www.edukdiseno.cl\/home\/wp-content\/uploads\/2020\/06\/red-11.png\" data-rel=\"lightbox-image-15\" data-rl_title=\"\" data-rl_caption=\"\" title=\"\"><img loading=\"lazy\" decoding=\"async\" aria-describedby=\"caption-attachment-3847\" class=\"wp-image-3847 size-gallery-thumb\" src=\"http:\/\/www.edukdiseno.cl\/home\/wp-content\/uploads\/2020\/06\/red-11-480x400.png\" alt=\"RED secuencial\" width=\"480\" height=\"400\" data-id=\"999\" srcset=\"https:\/\/www.edukdiseno.cl\/home\/wp-content\/uploads\/2020\/06\/red-11-480x400.png 480w, https:\/\/www.edukdiseno.cl\/home\/wp-content\/uploads\/2020\/06\/red-11-480x400@2x.png 960w\" sizes=\"(max-width: 480px) 100vw, 480px\" \/><\/a><p id=\"caption-attachment-3847\" class=\"wp-caption-text\">RED secuencial<\/p><\/div>\n\n<\/div>\n\n<div class=\"ezcol ezcol-one-half ezcol-last\">\n\n<div id=\"attachment_3843\" style=\"width: 490px\" class=\"wp-caption aligncenter\"><a href=\"http:\/\/www.edukdiseno.cl\/home\/wp-content\/uploads\/2020\/06\/red-7.png\" data-rel=\"lightbox-image-16\" data-rl_title=\"\" data-rl_caption=\"\" title=\"\"><img loading=\"lazy\" decoding=\"async\" aria-describedby=\"caption-attachment-3843\" class=\"wp-image-3843 size-gallery-thumb\" src=\"http:\/\/www.edukdiseno.cl\/home\/wp-content\/uploads\/2020\/06\/red-7-480x400.png\" alt=\"Juego HTML5\" width=\"480\" height=\"400\" data-id=\"1008\" srcset=\"https:\/\/www.edukdiseno.cl\/home\/wp-content\/uploads\/2020\/06\/red-7-480x400.png 480w, https:\/\/www.edukdiseno.cl\/home\/wp-content\/uploads\/2020\/06\/red-7-480x400@2x.png 960w\" sizes=\"(max-width: 480px) 100vw, 480px\" \/><\/a><p id=\"caption-attachment-3843\" class=\"wp-caption-text\">Juego HTML5<\/p><\/div>\n\n<\/div><div class=\"ezcol-divider\"><\/div>\n\n<div class=\"ezcol ezcol-one-half\">\n\n<div id=\"attachment_3845\" style=\"width: 490px\" class=\"wp-caption aligncenter\"><a href=\"http:\/\/www.edukdiseno.cl\/home\/wp-content\/uploads\/2020\/06\/red-9.png\" data-rel=\"lightbox-image-17\" data-rl_title=\"\" data-rl_caption=\"\" title=\"\"><img loading=\"lazy\" decoding=\"async\" aria-describedby=\"caption-attachment-3845\" class=\"wp-image-3845 size-gallery-thumb\" src=\"http:\/\/www.edukdiseno.cl\/home\/wp-content\/uploads\/2020\/06\/red-9-480x400.png\" alt=\"Juego HTML5\" width=\"480\" height=\"400\" data-id=\"999\" srcset=\"https:\/\/www.edukdiseno.cl\/home\/wp-content\/uploads\/2020\/06\/red-9-480x400.png 480w, https:\/\/www.edukdiseno.cl\/home\/wp-content\/uploads\/2020\/06\/red-9-480x400@2x.png 960w\" sizes=\"(max-width: 480px) 100vw, 480px\" \/><\/a><p id=\"caption-attachment-3845\" class=\"wp-caption-text\">Juego HTML5<\/p><\/div>\n\n<\/div>\n\n<div class=\"ezcol ezcol-one-half ezcol-last\">\n\n<div id=\"attachment_3839\" style=\"width: 490px\" class=\"wp-caption aligncenter\"><a href=\"http:\/\/www.edukdiseno.cl\/home\/wp-content\/uploads\/2020\/06\/red-3.png\" data-rel=\"lightbox-image-18\" data-rl_title=\"\" data-rl_caption=\"\" title=\"\"><img loading=\"lazy\" decoding=\"async\" aria-describedby=\"caption-attachment-3839\" class=\"wp-image-3839 size-gallery-thumb\" src=\"http:\/\/www.edukdiseno.cl\/home\/wp-content\/uploads\/2020\/06\/red-3-480x400.png\" alt=\"Juego HTML5\" width=\"480\" height=\"400\" data-id=\"1008\" srcset=\"https:\/\/www.edukdiseno.cl\/home\/wp-content\/uploads\/2020\/06\/red-3-480x400.png 480w, https:\/\/www.edukdiseno.cl\/home\/wp-content\/uploads\/2020\/06\/red-3-480x400@2x.png 960w\" sizes=\"(max-width: 480px) 100vw, 480px\" \/><\/a><p id=\"caption-attachment-3839\" class=\"wp-caption-text\">Juego HTML5<\/p><\/div>\n\n<\/div><div class=\"ezcol-divider\"><\/div>\n","protected":false},"excerpt":{"rendered":"<p>Recursos Educativos Digitales REDs Las tecnolog\u00edas de la informaci\u00f3n y la comunicaci\u00f3n abren un espectro amplio de herramientas y soluciones para abordar los procesos de conocimiento, aprendizaje e involucramiento de\u2026 <span class=\"read-btn\"><a class=\"read-more\" href=\"https:\/\/www.edukdiseno.cl\/home\/eduk-reds\/\">Read More &rarr;<\/a><\/span><\/p>\n","protected":false},"author":1,"featured_media":0,"parent":0,"menu_order":0,"comment_status":"closed","ping_status":"closed","template":"","meta":{"footnotes":""},"class_list":["post-3868","page","type-page","status-publish","hentry"],"_links":{"self":[{"href":"https:\/\/www.edukdiseno.cl\/home\/wp-json\/wp\/v2\/pages\/3868"}],"collection":[{"href":"https:\/\/www.edukdiseno.cl\/home\/wp-json\/wp\/v2\/pages"}],"about":[{"href":"https:\/\/www.edukdiseno.cl\/home\/wp-json\/wp\/v2\/types\/page"}],"author":[{"embeddable":true,"href":"https:\/\/www.edukdiseno.cl\/home\/wp-json\/wp\/v2\/users\/1"}],"replies":[{"embeddable":true,"href":"https:\/\/www.edukdiseno.cl\/home\/wp-json\/wp\/v2\/comments?post=3868"}],"version-history":[{"count":11,"href":"https:\/\/www.edukdiseno.cl\/home\/wp-json\/wp\/v2\/pages\/3868\/revisions"}],"predecessor-version":[{"id":3974,"href":"https:\/\/www.edukdiseno.cl\/home\/wp-json\/wp\/v2\/pages\/3868\/revisions\/3974"}],"wp:attachment":[{"href":"https:\/\/www.edukdiseno.cl\/home\/wp-json\/wp\/v2\/media?parent=3868"}],"curies":[{"name":"wp","href":"https:\/\/api.w.org\/{rel}","templated":true}]}}